{"id":10,"date":"2013-10-12T15:17:08","date_gmt":"2013-10-12T13:17:08","guid":{"rendered":"http:\/\/www.spangi.de\/?page_id=10"},"modified":"2013-10-12T20:38:47","modified_gmt":"2013-10-12T18:38:47","slug":"kfz-werkstatt-fur-alle-marken","status":"publish","type":"page","link":"https:\/\/www.spangi.de\/?page_id=10","title":{"rendered":"KFZ-Werkstatt f\u00fcr alle Marken"},"content":{"rendered":"<p><strong>Wir sind ein Meisterbertrieb mit anerkannter<br \/>\nAU-Werkstatt und langj\u00e4hriger Erfahrung.<\/strong><\/p>\n<p><strong>Wir arbeiten markenunabh\u00e4ngig und bieten:<\/strong><\/p>\n<ul>\n<li>T\u00dcV und AU<\/li>\n<li>Kundendienste nach Herstellervorgaben<\/li>\n<li>Reifen- und Felgenservice<\/li>\n<li>Reparaturen aller Unfallsch\u00e4den<\/li>\n<li>Motorinstandsetzung<\/li>\n<li>Fehlerspeicherauslesung der Elektronik mittels moderner Messtechnik<\/li>\n<li>Steuerger\u00e4teoptimierung (teilweise)<\/li>\n<li>Klimaservice<\/li>\n<li>Lackierungen aller Art<\/li>\n<\/ul>\n","protected":false},"excerpt":{"rendered":"<p>Wir sind ein Meisterbertrieb mit anerkannter AU-Werkstatt und langj\u00e4hriger Erfahrung. Wir arbeiten markenunabh\u00e4ngig und bieten: T\u00dcV und AU Kundendienste nach Herstellervorgaben Reifen- und Felgenservice Reparaturen aller Unfallsch\u00e4den Motorinstandsetzung Fehlerspeicherauslesung der Elektronik mittels moderner Messtechnik Steuerger\u00e4teoptimierung (teilweise) Klimaservice Lackierungen aller Art<\/p>\n","protected":false},"author":4,"featured_media":0,"parent":0,"menu_order":30,"comment_status":"open","ping_status":"closed","template":"","meta":{"footnotes":""},"class_list":["post-10","page","type-page","status-publish","hentry"],"_links":{"self":[{"href":"https:\/\/www.spangi.de\/index.php?rest_route=\/wp\/v2\/pages\/10","targetHints":{"allow":["GET"]}}],"collection":[{"href":"https:\/\/www.spangi.de\/index.php?rest_route=\/wp\/v2\/pages"}],"about":[{"href":"https:\/\/www.spangi.de\/index.php?rest_route=\/wp\/v2\/types\/page"}],"author":[{"embeddable":true,"href":"https:\/\/www.spangi.de\/index.php?rest_route=\/wp\/v2\/users\/4"}],"replies":[{"embeddable":true,"href":"https:\/\/www.spangi.de\/index.php?rest_route=%2Fwp%2Fv2%2Fcomments&post=10"}],"version-history":[{"count":1,"href":"https:\/\/www.spangi.de\/index.php?rest_route=\/wp\/v2\/pages\/10\/revisions"}],"predecessor-version":[{"id":11,"href":"https:\/\/www.spangi.de\/index.php?rest_route=\/wp\/v2\/pages\/10\/revisions\/11"}],"wp:attachment":[{"href":"https:\/\/www.spangi.de\/index.php?rest_route=%2Fwp%2Fv2%2Fmedia&parent=10"}],"curies":[{"name":"wp","href":"https:\/\/api.w.org\/{rel}","templated":true}]}}