{"id":16,"date":"2013-10-12T15:18:27","date_gmt":"2013-10-12T13:18:27","guid":{"rendered":"http:\/\/www.spangi.de\/?page_id=16"},"modified":"2024-10-05T10:52:10","modified_gmt":"2024-10-05T08:52:10","slug":"kontakt-impressum","status":"publish","type":"page","link":"https:\/\/www.spangi.de\/?page_id=16","title":{"rendered":"Impressum \/ Datenschutz"},"content":{"rendered":"<p><strong>Spangi<\/strong><br \/>\nAuto \u00b7 Service \u00b7 Motorsport UG (haftungsbeschr\u00e4nkt)<br \/>\nEscherl\u00e4nder 7<br \/>\n73666 Baltmannsweiler \/ Hohengehren<\/p>\n<p>Tel. 07153 9442240<br \/>\n<a href=\"mailto:info@spangi.de\">info@spangi.de<\/a><br \/>\n<a href=\"http:\/\/www.spangi.de\">www.spangi.de<\/a><\/p>\n<p>Gesch\u00e4ftsf\u00fchrung: Ralf Spangenberg<br \/>\nHRB: Stuttgart 732825<br \/>\nUSt-ID-Nr.: 69450\/08503<br \/>\nVerantwortlich f\u00fcr die Website: Ralf Spangenberg<\/p>\n<p>Die auf unseren Webseiten verwendeten externen Links stellen Verweise auf die Internetseiten fremder Anbieter dar. Die darin enthaltenen Informationen sind nicht Bestandteil dieser Internetseiten. Die Verantwortlichkeit f\u00fcr den Inhalt dieser Seiten und die Rechte daran liegen ausschlie\u00dflich bei ihren Anbietern.<\/p>\n<p>&nbsp;<\/p>\n<h1><b>Hinweise zum Datenschutz<\/b><\/h1>\n<p>Wir freuen uns \u00fcber Ihr Interesse an unserem Angebot. Der Schutz Ihrer Privatsph\u00e4re ist f\u00fcr uns sehr wichtig. Nachstehend informieren wir Sie ausf\u00fchrlich \u00fcber den Umgang mit Ihren Daten.<\/p>\n<p><strong>1. Allgemeines zur Datenverarbeitung<\/strong><\/p>\n<p>Die von Ihnen angegebenen Personenbezogene Daten dienen ausschlie\u00dflich der Vertragserstellung, inhaltlichen Ausgestaltung, Durchf\u00fchrung oder Abwicklung des Vertragsverh\u00e4ltnisses (Art. 6b DSGVO). Dar\u00fcber hinaus werden Ihre personenbezogene Daten nur verarbeitet, soweit wir hierzu Ihre Einwilligung erhalten haben (Art. 6a DSGVO) oder ein berechtigtes Interesse an der Verarbeitung vorliegt. Ihre personenbezogenen Daten werden grunds\u00e4tzlich nicht an Dritte weitergegeben. Zur Abwicklung von Zahlungen werden die hierf\u00fcr erforderlichen Zahlungsdaten an das mit der Zahlung beauftragte Kreditinstitut und gegebenenfalls den beauftragten und gew\u00e4hlten Zahlungsdienstleister weitergegeben. Die Verarbeitung Ihrer personenbezogenen Daten erfolgt ausschlie\u00dflich innerhalb der EU.<\/p>\n<p><strong>2. Bereitstellung der Webseite und Erstellung von Logfiles<\/strong><\/p>\n<p>Beim Besuch der Webseite werden allgemeine technische Informationen erhoben. Dies sind die verwendete IP-Adresse, Uhrzeit, Dauer des Besuchs, Browsertyp und gegebenenfalls die Herkunftsseite. Diese Nutzungsdaten werden technisch bedingt in einem Logfile registriert und k\u00f6nnen zum Zwecke der\u00a0 Statistikauswertung dieser Webseite benutzt und gespeichert werden. Eine Verkn\u00fcpfung dieser Nutzungsdaten mit Ihren weiteren personenbezogenen Daten findet nicht statt.\u00a0Grundlage f\u00fcr die Datenverarbeitung ist Artikel 6 Absatz 1 lit. f DSGVO, der die Verarbeitung von Daten zur Erf\u00fcllung eines Vertrags oder vorvertraglicher Ma\u00dfnahmen gestattet.<\/p>\n<p><strong>3. Speicherung der Daten<\/strong><\/p>\n<p>Wir speichern Ihre personenbezogenen Daten nach der Beendigung des Zwecks, f\u00fcr welchen die Daten erhoben wurden, nur solange, wie dies auf Grund der gesetzlichen Vorschriften<br \/>\nerforderlich ist.<\/p>\n<p><strong>4. Rechte<\/strong><\/p>\n<h5>4.1 Auskunftsrecht<\/h5>\n<p>Sie k\u00f6nnen von uns eine Auskunft dar\u00fcber verlangen, ob wir Ihre personenbezogenen Daten speichern und in diesem Fall, haben Sie ein Recht auf Auskunft \u00fcber diese personenbezogenen Daten gem\u00e4\u00df Art. 15 DSGVO.<\/p>\n<h5>4.2 Recht auf Berichtigung<\/h5>\n<p>Sie haben gem\u00e4ss Art. 16 DSGVO das Recht auf Berichtigung falsch erhobener Daten bzw. Vervollst\u00e4ndigung unvollst\u00e4ndiger Daten.<\/p>\n<h5>4.3 Recht auf L\u00f6schung und Einschr\u00e4nkung<\/h5>\n<p>Sie haben das Recht von uns zu verlangen, dass die Sie betreffenden personenbezogenen Daten unverz\u00fcglich gel\u00f6scht werden. Wir sind verpflichtet diese zu l\u00f6schen, insbesondere bei den folgenden Gr\u00fcnden:<\/p>\n<ul>\n<li>Ihre personenbezogenen Daten sind f\u00fcr die Zwecke, f\u00fcr die sie erhoben nicht mehr notwendig.<\/li>\n<li>Ihre Einwilligung wurde durch Sie widerrufen.<\/li>\n<li>Ihre personenbezogenen Daten wurden unrechtm\u00e4\u00dfig verarbeitet.<\/li>\n<\/ul>\n<p>Ihr Recht auf L\u00f6schung besteht nicht, wenn Ihre personenbezogenen Daten zur Aus\u00fcbung oder Verteidigung bzw. zur Geltendmachung unserer Rechtsanspr\u00fcche erforderlich sind.<\/p>\n<p>Au\u00dferdem haben Sie das Recht von uns die Einschr\u00e4nkung der Verarbeitung Ihrer personenbezogenen Daten zu verlangen, wenn:<\/p>\n<ul>\n<li>Sie die Richtigkeit der Daten bestreiten und wir daher die Richtigkeit \u00fcberpr\u00fcfen<\/li>\n<li>die Verarbeitung unrechtm\u00e4\u00dfig ist und Sie die L\u00f6schung ablehnen und stattdessen die Einschr\u00e4nkung der Nutzung verlangen<\/li>\n<li>wir die Daten nicht l\u00e4nger ben\u00f6tigen, Sie diese jedoch zur Geltendmachung, Aus\u00fcbung oder Verteidigung von Rechtsanspr\u00fcchen ben\u00f6tigen<\/li>\n<li>Sie einen Widerspruch gegen die Verarbeitung Ihrer Daten eingelegt haben, und noch nicht feststeht, ob unsere berechtigten Gr\u00fcnde gegen\u00fcber Ihren Gr\u00fcnden \u00fcberwiegen.<\/li>\n<\/ul>\n<h5>4.4 Widerrufsrecht<\/h5>\n<p>Falls die Verarbeitung Ihrer Daten auf Ihrer Einwilligung beruht, haben Sie das Recht, diese Einwilligung jederzeit zu widerrufen.<\/p>\n<h5>4.5 Recht zur Beschwerde<\/h5>\n<p>Sie haben das Recht sich bei Beschwerden direkt an uns \u00fcber unser Kontaktformular oder telefonisch zu wenden.<\/p>\n<h4>5. Datensicherheit<\/h4>\n<h5>5.1 Allgemeines zur Datensicherheit<\/h5>\n<p>S\u00e4mtliche Daten auf unserer Webseite werden durch sowohl technische als auch organisatorische Ma\u00dfnahmen gesichert. Darunter z\u00e4hlen Verlust, Zugriff, Zerst\u00f6rung, Verbreitung und Ver\u00e4nderung der Daten.<\/p>\n<h5>5.2 SSL-Verschl\u00fcsselung<\/h5>\n<p>Damit Ihre Daten bestm\u00f6glichst gesch\u00fctzt sind, verwenden wir eine SSL-Verschl\u00fcsselung. Sie erkennen eine solche Verschl\u00fcsselung an der Webseiten-URL \u201chttps:\/\/\u2026\u201d in der Adresszeile Ihres Browsers. Unverschl\u00fcsselte Seiten sind durch \u201chttp:\/\/\u2026\u201d gekennzeichnet.<\/p>\n<h4>6. Drittanbieter<\/h4>\n<h5>6.1 Daten\u00fcbermittelung bei Vertragsabschluss<\/h5>\n<p>Ihre personenbezogenen Daten werden nur dann an Dritte \u00fcbermittelt, wenn dies im Rahmen der Vertragsabwicklung notwendig ist, etwa an das beauftragte Kreditinstitut, welches f\u00fcr die Zahlungsabwicklung zust\u00e4ndig ist. Es gibt anonsten keine Weitere Daten\u00fcbermittelung, au\u00dfer mit Ihrer expliziten Zustimmung.<\/p>\n<p>Grundlage f\u00fcr die Datenverarbeitung ist der Art. 6 Absatz 1 lit. b DSGVO, welcher<br \/>\ndie Verarbeitung von Daten zur Erf\u00fcllung eines Vertrags oder<br \/>\nvorvertraglicher Ma\u00dfnahmen gestattet.<\/p>\n","protected":false},"excerpt":{"rendered":"<p>Spangi Auto \u00b7 Service \u00b7 Motorsport UG (haftungsbeschr\u00e4nkt) Escherl\u00e4nder 7 73666 Baltmannsweiler \/ Hohengehren Tel. 07153 9442240 info@spangi.de www.spangi.de Gesch\u00e4ftsf\u00fchrung: Ralf Spangenberg HRB: Stuttgart 732825 USt-ID-Nr.: 69450\/08503 Verantwortlich f\u00fcr die Website: Ralf Spangenberg Die auf unseren Webseiten verwendeten externen Links stellen Verweise auf die Internetseiten fremder Anbieter dar. Die darin enthaltenen Informationen sind nicht Bestandteil [&hellip;]<\/p>\n","protected":false},"author":4,"featured_media":0,"parent":0,"menu_order":60,"comment_status":"open","ping_status":"closed","template":"","meta":{"footnotes":""},"class_list":["post-16","page","type-page","status-publish","hentry"],"_links":{"self":[{"href":"https:\/\/www.spangi.de\/index.php?rest_route=\/wp\/v2\/pages\/16","targetHints":{"allow":["GET"]}}],"collection":[{"href":"https:\/\/www.spangi.de\/index.php?rest_route=\/wp\/v2\/pages"}],"about":[{"href":"https:\/\/www.spangi.de\/index.php?rest_route=\/wp\/v2\/types\/page"}],"author":[{"embeddable":true,"href":"https:\/\/www.spangi.de\/index.php?rest_route=\/wp\/v2\/users\/4"}],"replies":[{"embeddable":true,"href":"https:\/\/www.spangi.de\/index.php?rest_route=%2Fwp%2Fv2%2Fcomments&post=16"}],"version-history":[{"count":5,"href":"https:\/\/www.spangi.de\/index.php?rest_route=\/wp\/v2\/pages\/16\/revisions"}],"predecessor-version":[{"id":85,"href":"https:\/\/www.spangi.de\/index.php?rest_route=\/wp\/v2\/pages\/16\/revisions\/85"}],"wp:attachment":[{"href":"https:\/\/www.spangi.de\/index.php?rest_route=%2Fwp%2Fv2%2Fmedia&parent=16"}],"curies":[{"name":"wp","href":"https:\/\/api.w.org\/{rel}","templated":true}]}}